{"id":1166,"date":"2022-11-29T21:30:50","date_gmt":"2022-11-29T18:30:50","guid":{"rendered":"https:\/\/nevelgubre.com.tr\/?page_id=1166"},"modified":"2022-11-29T21:45:19","modified_gmt":"2022-11-29T18:45:19","slug":"kati-yakit","status":"publish","type":"page","link":"https:\/\/nevelgubre.com.tr\/index.php\/kati-yakit\/","title":{"rendered":"KATI YAKIT"},"content":{"rendered":"\n<p>Nevel G\u00fcbre A.\u015e., 2021 y\u0131l\u0131nda kat\u0131 yak\u0131t \u00fcretim alan\u0131nda faaliyet g\u00f6stermeye ba\u015flam\u0131\u015ft\u0131r. Sekt\u00f6rde olu\u015fan enerji krizine \u00e7\u00f6z\u00fcm odakl\u0131 yakla\u015fan firmam\u0131z 44.237 ton\/y\u0131l \u00fcretim kapasitesine sahiptir.<\/p>\n\n\n\n<figure class=\"wp-block-image size-large\"><img loading=\"lazy\" decoding=\"async\" width=\"768\" height=\"1024\" src=\"https:\/\/nevelgubre.com.tr\/wp-content\/uploads\/2022\/11\/IMG_0389-768x1024.jpeg\" alt=\"\" class=\"wp-image-1176\" srcset=\"https:\/\/nevelgubre.com.tr\/wp-content\/uploads\/2022\/11\/IMG_0389-768x1024.jpeg 768w, https:\/\/nevelgubre.com.tr\/wp-content\/uploads\/2022\/11\/IMG_0389-225x300.jpeg 225w, https:\/\/nevelgubre.com.tr\/wp-content\/uploads\/2022\/11\/IMG_0389-1152x1536.jpeg 1152w, https:\/\/nevelgubre.com.tr\/wp-content\/uploads\/2022\/11\/IMG_0389-300x400.jpeg 300w, https:\/\/nevelgubre.com.tr\/wp-content\/uploads\/2022\/11\/IMG_0389-850x1133.jpeg 850w, https:\/\/nevelgubre.com.tr\/wp-content\/uploads\/2022\/11\/IMG_0389.jpeg 1536w\" sizes=\"auto, (max-width: 768px) 100vw, 768px\" \/><\/figure>\n\n\n\n<figure class=\"wp-block-image size-large\"><img loading=\"lazy\" decoding=\"async\" width=\"768\" height=\"1024\" src=\"https:\/\/nevelgubre.com.tr\/wp-content\/uploads\/2022\/11\/IMG_0395-768x1024.jpeg\" alt=\"\" class=\"wp-image-1177\"\/><\/figure>\n\n\n\n<figure class=\"wp-block-image size-large\"><img loading=\"lazy\" decoding=\"async\" width=\"1024\" height=\"683\" src=\"https:\/\/nevelgubre.com.tr\/wp-content\/uploads\/2022\/11\/EKIM-2022_dogal4-1024x683.jpg\" alt=\"\" class=\"wp-image-1178\" srcset=\"https:\/\/nevelgubre.com.tr\/wp-content\/uploads\/2022\/11\/EKIM-2022_dogal4-1024x683.jpg 1024w, https:\/\/nevelgubre.com.tr\/wp-content\/uploads\/2022\/11\/EKIM-2022_dogal4-300x200.jpg 300w, https:\/\/nevelgubre.com.tr\/wp-content\/uploads\/2022\/11\/EKIM-2022_dogal4-768x512.jpg 768w, https:\/\/nevelgubre.com.tr\/wp-content\/uploads\/2022\/11\/EKIM-2022_dogal4-850x567.jpg 850w, https:\/\/nevelgubre.com.tr\/wp-content\/uploads\/2022\/11\/EKIM-2022_dogal4.jpg 1120w\" sizes=\"auto, (max-width: 1024px) 100vw, 1024px\" \/><\/figure>\n\n\n\n<figure class=\"wp-block-image size-full\"><img loading=\"lazy\" decoding=\"async\" width=\"1024\" height=\"576\" src=\"https:\/\/nevelgubre.com.tr\/wp-content\/uploads\/2022\/11\/WhatsApp-Image-2022-11-06-at-14.06.42.jpeg\" alt=\"\" class=\"wp-image-1179\" srcset=\"https:\/\/nevelgubre.com.tr\/wp-content\/uploads\/2022\/11\/WhatsApp-Image-2022-11-06-at-14.06.42.jpeg 1024w, https:\/\/nevelgubre.com.tr\/wp-content\/uploads\/2022\/11\/WhatsApp-Image-2022-11-06-at-14.06.42-300x169.jpeg 300w, https:\/\/nevelgubre.com.tr\/wp-content\/uploads\/2022\/11\/WhatsApp-Image-2022-11-06-at-14.06.42-768x432.jpeg 768w, https:\/\/nevelgubre.com.tr\/wp-content\/uploads\/2022\/11\/WhatsApp-Image-2022-11-06-at-14.06.42-850x478.jpeg 850w\" sizes=\"auto, (max-width: 1024px) 100vw, 1024px\" \/><\/figure>\n\n\n\n<figure class=\"wp-block-image size-full\"><img loading=\"lazy\" decoding=\"async\" width=\"1024\" height=\"576\" src=\"https:\/\/nevelgubre.com.tr\/wp-content\/uploads\/2022\/11\/WhatsApp-Image-2022-11-06-at-14.06.43.jpeg\" alt=\"\" class=\"wp-image-1180\" srcset=\"https:\/\/nevelgubre.com.tr\/wp-content\/uploads\/2022\/11\/WhatsApp-Image-2022-11-06-at-14.06.43.jpeg 1024w, https:\/\/nevelgubre.com.tr\/wp-content\/uploads\/2022\/11\/WhatsApp-Image-2022-11-06-at-14.06.43-300x169.jpeg 300w, https:\/\/nevelgubre.com.tr\/wp-content\/uploads\/2022\/11\/WhatsApp-Image-2022-11-06-at-14.06.43-768x432.jpeg 768w, https:\/\/nevelgubre.com.tr\/wp-content\/uploads\/2022\/11\/WhatsApp-Image-2022-11-06-at-14.06.43-850x478.jpeg 850w\" sizes=\"auto, (max-width: 1024px) 100vw, 1024px\" \/><\/figure>\n","protected":false},"excerpt":{"rendered":"<p>Nevel G\u00fcbre A.\u015e., 2021 y\u0131l\u0131nda kat\u0131 yak\u0131t \u00fcretim alan\u0131nda faaliyet g\u00f6stermeye ba\u015flam\u0131\u015ft\u0131r. Sekt\u00f6rde olu\u015fan enerji krizine \u00e7\u00f6z\u00fcm odakl\u0131 yakla\u015fan firmam\u0131z 44.237 ton\/y\u0131l \u00fcretim kapasitesine sahiptir.<\/p>\n","protected":false},"author":1,"featured_media":0,"parent":0,"menu_order":0,"comment_status":"closed","ping_status":"closed","template":"","meta":{"footnotes":""},"class_list":["post-1166","page","type-page","status-publish","hentry"],"_links":{"self":[{"href":"https:\/\/nevelgubre.com.tr\/index.php\/wp-json\/wp\/v2\/pages\/1166","targetHints":{"allow":["GET"]}}],"collection":[{"href":"https:\/\/nevelgubre.com.tr\/index.php\/wp-json\/wp\/v2\/pages"}],"about":[{"href":"https:\/\/nevelgubre.com.tr\/index.php\/wp-json\/wp\/v2\/types\/page"}],"author":[{"embeddable":true,"href":"https:\/\/nevelgubre.com.tr\/index.php\/wp-json\/wp\/v2\/users\/1"}],"replies":[{"embeddable":true,"href":"https:\/\/nevelgubre.com.tr\/index.php\/wp-json\/wp\/v2\/comments?post=1166"}],"version-history":[{"count":3,"href":"https:\/\/nevelgubre.com.tr\/index.php\/wp-json\/wp\/v2\/pages\/1166\/revisions"}],"predecessor-version":[{"id":1181,"href":"https:\/\/nevelgubre.com.tr\/index.php\/wp-json\/wp\/v2\/pages\/1166\/revisions\/1181"}],"wp:attachment":[{"href":"https:\/\/nevelgubre.com.tr\/index.php\/wp-json\/wp\/v2\/media?parent=1166"}],"curies":[{"name":"wp","href":"https:\/\/api.w.org\/{rel}","templated":true}]}}