{"id":188,"date":"2017-11-07T19:55:13","date_gmt":"2017-11-07T16:55:13","guid":{"rendered":"http:\/\/nevelgubre.com.tr\/?page_id=188"},"modified":"2020-01-31T23:18:59","modified_gmt":"2020-01-31T20:18:59","slug":"organo-magic","status":"publish","type":"page","link":"https:\/\/nevelgubre.com.tr\/index.php\/organo-magic\/","title":{"rendered":"Organo Magic"},"content":{"rendered":"\n<div class=\"wp-block-image\"><figure class=\"aligncenter size-large is-resized\"><img loading=\"lazy\" decoding=\"async\" src=\"http:\/\/nevelgubre.com.tr\/wp-content\/uploads\/2020\/01\/organo-magic-logo-1024x576.jpg\" alt=\"\" class=\"wp-image-892\" width=\"256\" height=\"144\" srcset=\"https:\/\/nevelgubre.com.tr\/wp-content\/uploads\/2020\/01\/organo-magic-logo-1024x576.jpg 1024w, https:\/\/nevelgubre.com.tr\/wp-content\/uploads\/2020\/01\/organo-magic-logo-300x169.jpg 300w, https:\/\/nevelgubre.com.tr\/wp-content\/uploads\/2020\/01\/organo-magic-logo-768x432.jpg 768w, https:\/\/nevelgubre.com.tr\/wp-content\/uploads\/2020\/01\/organo-magic-logo-1536x864.jpg 1536w, https:\/\/nevelgubre.com.tr\/wp-content\/uploads\/2020\/01\/organo-magic-logo.jpg 1600w\" sizes=\"auto, (max-width: 256px) 100vw, 256px\" \/><\/figure><\/div>\n\n\n\n<p><strong>ORGANO MAG\u0130C<\/strong><\/p>\n\n\n\n<p>\u00a0\u00a0\u00a0\u00a0\u00a0\u00a0  \u00d6zel olarak 4 farkl\u0131 k\u00f6klendiricinin sentezlenmesiyle haz\u0131rlanm\u0131\u015f k\u00f6klendirici \u00fcr\u00fcnd\u00fcr. <\/p>\n\n\n\n<p><strong>\u00dcR\u00dcN\u00dcN SINIFI:<\/strong>\nB\u0130TK\u0130SEL MEN\u015eE\u0130L\u0130 SIVI ORGAN\u0130K G\u00dcBRE<\/p>\n\n\n\n<p><strong>Garanti Edilen \u0130\u00e7erik <\/strong><strong>&nbsp;&nbsp;&nbsp; %(w\/w)<\/strong><\/p>\n\n\n\n<p>Organik Madde&nbsp;&nbsp;&nbsp;&nbsp;&nbsp;&nbsp;&nbsp;&nbsp; &nbsp;&nbsp;&nbsp;&nbsp;&nbsp;&nbsp;&nbsp;&nbsp;&nbsp;&nbsp;&nbsp;&nbsp;&nbsp;&nbsp;&nbsp;&nbsp;&nbsp;&nbsp;&nbsp;&nbsp;&nbsp;&nbsp;&nbsp;&nbsp;&nbsp;&nbsp;&nbsp;&nbsp;&nbsp;&nbsp;&nbsp;&nbsp;&nbsp;&nbsp;&nbsp; 20<\/p>\n\n\n\n<p>Organik Karbon&nbsp;&nbsp;&nbsp;&nbsp;&nbsp;&nbsp;&nbsp; &nbsp;&nbsp;&nbsp;&nbsp;&nbsp;&nbsp;&nbsp;&nbsp;&nbsp;&nbsp;&nbsp;&nbsp;&nbsp;&nbsp;&nbsp;&nbsp;&nbsp;&nbsp;&nbsp;&nbsp;&nbsp;&nbsp;&nbsp;&nbsp;&nbsp;&nbsp;&nbsp;&nbsp;&nbsp;&nbsp;&nbsp;&nbsp;&nbsp;&nbsp;&nbsp;&nbsp;&nbsp;&nbsp;9<\/p>\n\n\n\n<p>Toplam Azot&nbsp;&nbsp;&nbsp;&nbsp;&nbsp;&nbsp;&nbsp;&nbsp;&nbsp;&nbsp;&nbsp;&nbsp; &nbsp;&nbsp;&nbsp;&nbsp;&nbsp;&nbsp;&nbsp;&nbsp;&nbsp;&nbsp;&nbsp;&nbsp;&nbsp;&nbsp;&nbsp;&nbsp;&nbsp;&nbsp;&nbsp;&nbsp;&nbsp;&nbsp;&nbsp;&nbsp;&nbsp;&nbsp;&nbsp;&nbsp;&nbsp;&nbsp;    &nbsp;&nbsp;&nbsp;&nbsp;&nbsp;1,5<\/p>\n\n\n\n<p>Suda \u00c7\u00f6z\u00fcn\u00fcr K<sub>2<\/sub>O&nbsp;&nbsp; &nbsp;&nbsp;&nbsp;&nbsp;&nbsp;&nbsp;&nbsp;&nbsp;&nbsp;&nbsp;&nbsp;&nbsp;&nbsp;&nbsp;&nbsp;&nbsp;&nbsp;&nbsp;&nbsp;&nbsp;&nbsp;&nbsp;&nbsp;&nbsp;&nbsp;&nbsp;&nbsp;&nbsp;&nbsp;&nbsp;&nbsp;&nbsp;&nbsp;&nbsp;&nbsp;&nbsp;&nbsp;&nbsp;2<\/p>\n\n\n\n<p>Ph&nbsp;&nbsp;&nbsp;&nbsp;&nbsp;&nbsp;&nbsp;&nbsp;&nbsp;&nbsp;&nbsp;&nbsp;&nbsp;&nbsp;&nbsp;&nbsp;&nbsp;&nbsp;&nbsp;&nbsp;&nbsp;&nbsp;&nbsp;&nbsp;&nbsp;&nbsp;&nbsp;&nbsp;&nbsp;&nbsp;&nbsp;&nbsp;&nbsp;&nbsp;&nbsp;&nbsp;&nbsp;&nbsp;&nbsp;&nbsp;&nbsp;&nbsp;&nbsp;&nbsp;&nbsp;&nbsp;&nbsp;&nbsp;&nbsp;&nbsp;&nbsp;&nbsp;&nbsp;&nbsp;&nbsp;&nbsp;&nbsp; &nbsp;&nbsp;&nbsp;&nbsp;&nbsp;&nbsp;&nbsp;    4-6&nbsp;&nbsp;&nbsp;&nbsp;&nbsp;&nbsp;&nbsp;&nbsp;&nbsp;&nbsp;&nbsp;&nbsp;&nbsp;&nbsp;&nbsp;&nbsp;&nbsp;&nbsp;&nbsp;&nbsp;&nbsp;&nbsp;&nbsp;&nbsp;&nbsp;&nbsp;&nbsp;&nbsp;&nbsp;&nbsp;&nbsp; <\/p>\n\n\n\n<p><strong>\u00dcr\u00fcn\u00fcn Teknik\n\u00d6zellikleri<\/strong><\/p>\n\n\n\n<ol class=\"wp-block-list\"><li>Bitkilerin\ndikim esnas\u0131nda ekolojik ve tabii \u015fartlardan kaynaklanan k\u00f6klenme problemlerini\nortadan kald\u0131rarak k\u00f6k, s\u00fcrg\u00fcn ve sa\u00e7ak k\u00f6klerin b\u00fcy\u00fcmesinde ve otsu-odunsu\nk\u00f6klerin geli\u015fiminde etkilidir.<\/li><li>Bitkiye\ng\u00f6vde ve yapraktan girerek h\u00fccre b\u00f6l\u00fcnmesi, b\u00fcy\u00fcmesi ve klorofil sentezini\nh\u0131zland\u0131r\u0131r, \u00e7i\u00e7ek d\u00f6neminde d\u00f6l tutumunu te\u015fvik eder, meyve ve \u00e7i\u00e7ek\nd\u00f6k\u00fclmesini engeller.<\/li><li>T\u00fcm\ny\u0131ll\u0131k sebzelerin, so\u011fanl\u0131 bitkilerin ve kesme \u00e7i\u00e7eklerin \u015fa\u015f\u0131rt\u0131lmalar\u0131nda,\nmeyve ve s\u00fcs bitkilerinin yer de\u011fi\u015ftirmelerinde, dikimlerinde, k\u00f6t\u00fc hava\nko\u015fullar\u0131ndan etkilenen ve yerleri de\u011fi\u015fen t\u00fcm bitkilerde kullan\u0131l\u0131r<\/li><li>Bitkinin fideden topra\u011fa ge\u00e7i\u015f\nd\u00f6nemiyle meyve tutum d\u00f6nemine kadar kullan\u0131l\u0131r.<strong><\/strong><\/li><li>\u0130\u00e7erisindeki 3 farkl\u0131 BGD\nk\u00f6klendiricisiyle organik k\u00f6klendiricinin birle\u015fmesiyle bitkinin k\u00f6k yap\u0131s\u0131n\u0131n\nh\u0131zl\u0131 geli\u015fimini te\u015fvik eder.<strong><\/strong><\/li><li>Sa\u011fl\u0131kl\u0131 k\u00f6k yap\u0131s\u0131yla g\u00fc\u00e7l\u00fc\nvejetatif geli\u015fim sa\u011flar.<strong><\/strong><\/li><li>Verim art\u0131r\u0131c\u0131 etkisi vard\u0131r.<strong><\/strong><\/li><\/ol>\n\n\n\n<p><strong>Uygulama\n\u015eekli,Dozlar\u0131 ve Zaman\u0131<\/strong><\/p>\n\n\n\n<p>100 litre\nsuya \/ 100cc \u015feklinde uygulan\u0131r.<\/p>\n\n\n\n<p>K\u00f6k\nband\u0131rma suyuna kat\u0131labilir. <\/p>\n\n\n\n<p>Bitkiye\ncan suyuyla verilebilir.<\/p>\n","protected":false},"excerpt":{"rendered":"<p>ORGANO MAG\u0130C \u00a0\u00a0\u00a0\u00a0\u00a0\u00a0 \u00d6zel olarak 4 farkl\u0131 k\u00f6klendiricinin sentezlenmesiyle haz\u0131rlanm\u0131\u015f k\u00f6klendirici \u00fcr\u00fcnd\u00fcr. \u00dcR\u00dcN\u00dcN SINIFI: B\u0130TK\u0130SEL MEN\u015eE\u0130L\u0130 SIVI ORGAN\u0130K G\u00dcBRE Garanti Edilen \u0130\u00e7erik &nbsp;&nbsp;&nbsp; %(w\/w) Organik Madde&nbsp;&nbsp;&nbsp;&nbsp;&nbsp;&nbsp;&nbsp;&nbsp; &nbsp;&nbsp;&nbsp;&nbsp;&nbsp;&nbsp;&nbsp;&nbsp;&nbsp;&nbsp;&nbsp;&nbsp;&nbsp;&nbsp;&nbsp;&nbsp;&nbsp;&nbsp;&nbsp;&nbsp;&nbsp;&nbsp;&nbsp;&nbsp;&nbsp;&nbsp;&nbsp;&nbsp;&nbsp;&nbsp;&nbsp;&nbsp;&nbsp;&nbsp;&nbsp; 20 Organik Karbon&nbsp;&nbsp;&nbsp;&nbsp;&nbsp;&nbsp;&nbsp; &nbsp;&nbsp;&nbsp;&nbsp;&nbsp;&nbsp;&nbsp;&nbsp;&nbsp;&nbsp;&nbsp;&nbsp;&nbsp;&nbsp;&nbsp;&nbsp;&nbsp;&nbsp;&nbsp;&nbsp;&nbsp;&nbsp;&nbsp;&nbsp;&nbsp;&nbsp;&nbsp;&nbsp;&nbsp;&nbsp;&nbsp;&nbsp;&nbsp;&nbsp;&nbsp;&nbsp;&nbsp;&nbsp;9 Toplam Azot&nbsp;&nbsp;&nbsp;&nbsp;&nbsp;&nbsp;&nbsp;&nbsp;&nbsp;&nbsp;&nbsp;&nbsp; &nbsp;&nbsp;&nbsp;&nbsp;&nbsp;&nbsp;&nbsp;&nbsp;&nbsp;&nbsp;&nbsp;&nbsp;&nbsp;&nbsp;&nbsp;&nbsp;&nbsp;&nbsp;&nbsp;&nbsp;&nbsp;&nbsp;&nbsp;&nbsp;&nbsp;&nbsp;&nbsp;&nbsp;&nbsp;&nbsp; &nbsp;&nbsp;&nbsp;&nbsp;&nbsp;1,5 Suda \u00c7\u00f6z\u00fcn\u00fcr K2O&nbsp;&nbsp; &nbsp;&nbsp;&nbsp;&nbsp;&nbsp;&nbsp;&nbsp;&nbsp;&nbsp;&nbsp;&nbsp;&nbsp;&nbsp;&nbsp;&nbsp;&nbsp;&nbsp;&nbsp;&nbsp;&nbsp;&nbsp;&nbsp;&nbsp;&nbsp;&nbsp;&nbsp;&nbsp;&nbsp;&nbsp;&nbsp;&nbsp;&nbsp;&nbsp;&nbsp;&nbsp;&nbsp;&nbsp;&nbsp;2 Ph&nbsp;&nbsp;&nbsp;&nbsp;&nbsp;&nbsp;&nbsp;&nbsp;&nbsp;&nbsp;&nbsp;&nbsp;&nbsp;&nbsp;&nbsp;&nbsp;&nbsp;&nbsp;&nbsp;&nbsp;&nbsp;&nbsp;&nbsp;&nbsp;&nbsp;&nbsp;&nbsp;&nbsp;&nbsp;&nbsp;&nbsp;&nbsp;&nbsp;&nbsp;&nbsp;&nbsp;&nbsp;&nbsp;&nbsp;&nbsp;&nbsp;&nbsp;&nbsp;&nbsp;&nbsp;&nbsp;&nbsp;&nbsp;&nbsp;&nbsp;&nbsp;&nbsp;&nbsp;&nbsp;&nbsp;&nbsp;&nbsp; &nbsp;&nbsp;&nbsp;&nbsp;&nbsp;&nbsp;&nbsp; 4-6&nbsp;&nbsp;&nbsp;&nbsp;&nbsp;&nbsp;&nbsp;&nbsp;&nbsp;&nbsp;&nbsp;&nbsp;&nbsp;&nbsp;&nbsp;&nbsp;&nbsp;&nbsp;&nbsp;&nbsp;&nbsp;&nbsp;&nbsp;&nbsp;&nbsp;&nbsp;&nbsp;&nbsp;&nbsp;&nbsp;&nbsp; \u00dcr\u00fcn\u00fcn Teknik \u00d6zellikleri Bitkilerin dikim esnas\u0131nda ekolojik ve tabii \u015fartlardan kaynaklanan k\u00f6klenme problemlerini&#8230;<\/p>\n","protected":false},"author":1,"featured_media":0,"parent":0,"menu_order":0,"comment_status":"closed","ping_status":"closed","template":"","meta":{"footnotes":""},"class_list":["post-188","page","type-page","status-publish","hentry"],"_links":{"self":[{"href":"https:\/\/nevelgubre.com.tr\/index.php\/wp-json\/wp\/v2\/pages\/188","targetHints":{"allow":["GET"]}}],"collection":[{"href":"https:\/\/nevelgubre.com.tr\/index.php\/wp-json\/wp\/v2\/pages"}],"about":[{"href":"https:\/\/nevelgubre.com.tr\/index.php\/wp-json\/wp\/v2\/types\/page"}],"author":[{"embeddable":true,"href":"https:\/\/nevelgubre.com.tr\/index.php\/wp-json\/wp\/v2\/users\/1"}],"replies":[{"embeddable":true,"href":"https:\/\/nevelgubre.com.tr\/index.php\/wp-json\/wp\/v2\/comments?post=188"}],"version-history":[{"count":3,"href":"https:\/\/nevelgubre.com.tr\/index.php\/wp-json\/wp\/v2\/pages\/188\/revisions"}],"predecessor-version":[{"id":992,"href":"https:\/\/nevelgubre.com.tr\/index.php\/wp-json\/wp\/v2\/pages\/188\/revisions\/992"}],"wp:attachment":[{"href":"https:\/\/nevelgubre.com.tr\/index.php\/wp-json\/wp\/v2\/media?parent=188"}],"curies":[{"name":"wp","href":"https:\/\/api.w.org\/{rel}","templated":true}]}}