{"id":285,"date":"2017-11-08T12:36:04","date_gmt":"2017-11-08T09:36:04","guid":{"rendered":"http:\/\/nevelgubre.com.tr\/?page_id=285"},"modified":"2020-07-25T13:11:38","modified_gmt":"2020-07-25T10:11:38","slug":"misyon-vizyon","status":"publish","type":"page","link":"https:\/\/nevelgubre.com.tr\/index.php\/misyon-vizyon\/","title":{"rendered":"Misyon &#8211; Vizyon"},"content":{"rendered":"<p><strong><img loading=\"lazy\" decoding=\"async\" class=\"size-full wp-image-278 alignleft\" src=\"http:\/\/nevelgubre.com.tr\/wp-content\/uploads\/2017\/11\/genesis_cover-image.jpg\" alt=\"\" width=\"513\" height=\"432\" srcset=\"https:\/\/nevelgubre.com.tr\/wp-content\/uploads\/2017\/11\/genesis_cover-image.jpg 513w, https:\/\/nevelgubre.com.tr\/wp-content\/uploads\/2017\/11\/genesis_cover-image-300x253.jpg 300w, https:\/\/nevelgubre.com.tr\/wp-content\/uploads\/2017\/11\/genesis_cover-image-150x126.jpg 150w\" sizes=\"auto, (max-width: 513px) 100vw, 513px\" \/>M\u0130SYONUMUZ<\/strong><\/p>\n<p>Bitkinin ve topra\u011f\u0131n ihtiya\u00e7 duydu\u011fu bitki besin maddeleriyle \u00fcr\u00fcnler geli\u015ftirerek do\u011fru g\u00fcbrelemeler programlar\u0131yla \u00e7ift\u00e7ilerimizin yan\u0131nda olmakt\u0131r.<\/p>\n<p>Bilin\u00e7li tar\u0131msal \u00fcretimi yayg\u0131nla\u015ft\u0131rarak topraklar\u0131m\u0131z\u0131n de\u011ferini, \u00c7ift\u00e7ilerimizin g\u00fcbreleme maliyetlerini d\u00fc\u015f\u00fcrerek birim alandan elde edece\u011fi \u00fcr\u00fcn verimini ve kalitesini art\u0131rmakt\u0131r.<\/p>\n<p><strong>V\u0130ZYONUMUZ<\/strong><\/p>\n<p>Topraklar\u0131m\u0131z\u0131n iyile\u015ftirilmesi ve bitkisel \u00fcretim en verimli hale gelebilmesi noktas\u0131nda \u00e7\u00f6z\u00fcm orta\u011f\u0131 olmakt\u0131r.<\/p>\n","protected":false},"excerpt":{"rendered":"<p>M\u0130SYONUMUZ Bitkinin ve topra\u011f\u0131n ihtiya\u00e7 duydu\u011fu bitki besin maddeleriyle \u00fcr\u00fcnler geli\u015ftirerek do\u011fru g\u00fcbrelemeler programlar\u0131yla \u00e7ift\u00e7ilerimizin yan\u0131nda olmakt\u0131r. Bilin\u00e7li tar\u0131msal \u00fcretimi yayg\u0131nla\u015ft\u0131rarak topraklar\u0131m\u0131z\u0131n de\u011ferini, \u00c7ift\u00e7ilerimizin g\u00fcbreleme maliyetlerini d\u00fc\u015f\u00fcrerek birim alandan elde edece\u011fi \u00fcr\u00fcn verimini ve kalitesini art\u0131rmakt\u0131r. V\u0130ZYONUMUZ Topraklar\u0131m\u0131z\u0131n iyile\u015ftirilmesi ve bitkisel \u00fcretim en verimli hale gelebilmesi noktas\u0131nda \u00e7\u00f6z\u00fcm orta\u011f\u0131 olmakt\u0131r.<\/p>\n","protected":false},"author":1,"featured_media":0,"parent":0,"menu_order":0,"comment_status":"closed","ping_status":"closed","template":"","meta":{"footnotes":""},"class_list":["post-285","page","type-page","status-publish","hentry"],"_links":{"self":[{"href":"https:\/\/nevelgubre.com.tr\/index.php\/wp-json\/wp\/v2\/pages\/285","targetHints":{"allow":["GET"]}}],"collection":[{"href":"https:\/\/nevelgubre.com.tr\/index.php\/wp-json\/wp\/v2\/pages"}],"about":[{"href":"https:\/\/nevelgubre.com.tr\/index.php\/wp-json\/wp\/v2\/types\/page"}],"author":[{"embeddable":true,"href":"https:\/\/nevelgubre.com.tr\/index.php\/wp-json\/wp\/v2\/users\/1"}],"replies":[{"embeddable":true,"href":"https:\/\/nevelgubre.com.tr\/index.php\/wp-json\/wp\/v2\/comments?post=285"}],"version-history":[{"count":5,"href":"https:\/\/nevelgubre.com.tr\/index.php\/wp-json\/wp\/v2\/pages\/285\/revisions"}],"predecessor-version":[{"id":1104,"href":"https:\/\/nevelgubre.com.tr\/index.php\/wp-json\/wp\/v2\/pages\/285\/revisions\/1104"}],"wp:attachment":[{"href":"https:\/\/nevelgubre.com.tr\/index.php\/wp-json\/wp\/v2\/media?parent=285"}],"curies":[{"name":"wp","href":"https:\/\/api.w.org\/{rel}","templated":true}]}}