{"id":296,"date":"2017-11-08T12:40:40","date_gmt":"2017-11-08T09:40:40","guid":{"rendered":"http:\/\/nevelgubre.com.tr\/?page_id=296"},"modified":"2024-12-02T14:56:37","modified_gmt":"2024-12-02T11:56:37","slug":"hakkimizda","status":"publish","type":"page","link":"https:\/\/nevelgubre.com.tr\/","title":{"rendered":"Hakk\u0131m\u0131zda"},"content":{"rendered":"<p><img loading=\"lazy\" decoding=\"async\" class=\"wp-image-281 aligncenter\" src=\"http:\/\/nevelgubre.com.tr\/wp-content\/uploads\/2017\/11\/stockfresh_58249_business-growth-hands-holding-green-plant-indicating-teamwork_sizeS-538x354.jpg\" alt=\"\" width=\"386\" height=\"254\" srcset=\"https:\/\/nevelgubre.com.tr\/wp-content\/uploads\/2017\/11\/stockfresh_58249_business-growth-hands-holding-green-plant-indicating-teamwork_sizeS-538x354.jpg 538w, https:\/\/nevelgubre.com.tr\/wp-content\/uploads\/2017\/11\/stockfresh_58249_business-growth-hands-holding-green-plant-indicating-teamwork_sizeS-538x354-300x197.jpg 300w, https:\/\/nevelgubre.com.tr\/wp-content\/uploads\/2017\/11\/stockfresh_58249_business-growth-hands-holding-green-plant-indicating-teamwork_sizeS-538x354-150x99.jpg 150w\" sizes=\"auto, (max-width: 386px) 100vw, 386px\" \/><\/p>\n<p>Nevel G\u00fcbre A.\u015e., bitki besleme \u00fcr\u00fcnlerinin pazarlanmas\u0131 amac\u0131yla AYKEMEZ ailesi taraf\u0131ndan 1987 y\u0131l\u0131nda Nev\u015fehir\u2019de temelleri at\u0131lm\u0131\u015ft\u0131r.<\/p>\n<p>Kuruldu\u011fu g\u00fcnden bug\u00fcne kadar s\u00fcrekli geli\u015fmeyi hedef edinmi\u015ftir. \u0130lerleyen s\u00fcre\u00e7te ithalat, g\u00fcbre da\u011f\u0131t\u0131c\u0131l\u0131\u011f\u0131 ve kurumsal bayilik alanlar\u0131nda faaliyet g\u00f6stermi\u015ftir. 2013 y\u0131l\u0131nda kimyevi, organomineral ve organik g\u00fcbre \u00fcretim alan\u0131nda kompoze taban g\u00fcbreleri, damlama sulama ve yaprak g\u00fcbreleri \u00fcretimine ba\u015flam\u0131\u015ft\u0131r. Tar\u0131msal girdiler a\u00e7\u0131s\u0131ndan her zaman kaliteyi ve g\u00fcveni \u00f6n planda tutmu\u015f b\u00f6lge \u00e7ift\u00e7isini yenilik\u00e7i bir anlay\u0131\u015fla en do\u011fru g\u00fcbreleme programlar\u0131 ile yeni nesil g\u00fcbrelerle tan\u0131\u015ft\u0131rm\u0131\u015f ve bilgilendirmi\u015ftir. \u015euanda da y\u0131llard\u0131r s\u00fcregelen tar\u0131m alan\u0131ndaki ve g\u00fcbreleme konusundaki bilgi birikimlerini t\u00fcm T\u00fcrkiye geneline aktararak faaliyet g\u00f6stermektedir.<\/p>\n<p>Ayr\u0131ca 2005 y\u0131l\u0131nda B\u0130MS hafif yap\u0131 malzemeleri \u00fcretimine ba\u015flam\u0131\u015ft\u0131r. B\u0130MS tesisini 2023 y\u0131l\u0131nda revize ederek son teknoloji bir tesis ile ayl\u0131k 500.000 adet kapasiteli \u00fcretim hatt\u0131 olu\u015fturmu\u015ftur. Bunun yan\u0131nda \u00a02021 y\u0131l\u0131nda yeni bir sekt\u00f6r olan kat\u0131 yak\u0131t \u00fcretim alan\u0131na yat\u0131r\u0131m yaparak y\u00fcksek kalorili \u00e7evreci kat\u0131 yak\u0131t \u00fcretime ba\u015flam\u0131\u015ft\u0131r<\/p>\n","protected":false},"excerpt":{"rendered":"<p>Nevel G\u00fcbre A.\u015e., bitki besleme \u00fcr\u00fcnlerinin pazarlanmas\u0131 amac\u0131yla AYKEMEZ ailesi taraf\u0131ndan 1987 y\u0131l\u0131nda Nev\u015fehir\u2019de temelleri at\u0131lm\u0131\u015ft\u0131r. Kuruldu\u011fu g\u00fcnden bug\u00fcne kadar s\u00fcrekli geli\u015fmeyi hedef edinmi\u015ftir. \u0130lerleyen s\u00fcre\u00e7te ithalat, g\u00fcbre da\u011f\u0131t\u0131c\u0131l\u0131\u011f\u0131 ve kurumsal bayilik alanlar\u0131nda faaliyet g\u00f6stermi\u015ftir. 2013 y\u0131l\u0131nda kimyevi, organomineral ve organik g\u00fcbre \u00fcretim alan\u0131nda kompoze taban g\u00fcbreleri, damlama sulama ve yaprak g\u00fcbreleri \u00fcretimine ba\u015flam\u0131\u015ft\u0131r. Tar\u0131msal&#8230;<\/p>\n","protected":false},"author":1,"featured_media":0,"parent":0,"menu_order":0,"comment_status":"closed","ping_status":"closed","template":"","meta":{"footnotes":""},"class_list":["post-296","page","type-page","status-publish","hentry"],"_links":{"self":[{"href":"https:\/\/nevelgubre.com.tr\/index.php\/wp-json\/wp\/v2\/pages\/296","targetHints":{"allow":["GET"]}}],"collection":[{"href":"https:\/\/nevelgubre.com.tr\/index.php\/wp-json\/wp\/v2\/pages"}],"about":[{"href":"https:\/\/nevelgubre.com.tr\/index.php\/wp-json\/wp\/v2\/types\/page"}],"author":[{"embeddable":true,"href":"https:\/\/nevelgubre.com.tr\/index.php\/wp-json\/wp\/v2\/users\/1"}],"replies":[{"embeddable":true,"href":"https:\/\/nevelgubre.com.tr\/index.php\/wp-json\/wp\/v2\/comments?post=296"}],"version-history":[{"count":8,"href":"https:\/\/nevelgubre.com.tr\/index.php\/wp-json\/wp\/v2\/pages\/296\/revisions"}],"predecessor-version":[{"id":1198,"href":"https:\/\/nevelgubre.com.tr\/index.php\/wp-json\/wp\/v2\/pages\/296\/revisions\/1198"}],"wp:attachment":[{"href":"https:\/\/nevelgubre.com.tr\/index.php\/wp-json\/wp\/v2\/media?parent=296"}],"curies":[{"name":"wp","href":"https:\/\/api.w.org\/{rel}","templated":true}]}}