{"id":430,"date":"2017-11-17T14:39:29","date_gmt":"2017-11-17T11:39:29","guid":{"rendered":"http:\/\/nevelgubre.com.tr\/?page_id=430"},"modified":"2022-11-29T21:10:20","modified_gmt":"2022-11-29T18:10:20","slug":"b-o-m","status":"publish","type":"page","link":"https:\/\/nevelgubre.com.tr\/index.php\/b-o-m\/","title":{"rendered":"B.O.M"},"content":{"rendered":"<p><img loading=\"lazy\" decoding=\"async\" class=\"aligncenter size-thumbnail wp-image-1075\" src=\"http:\/\/nevelgubre.com.tr\/wp-content\/uploads\/2020\/05\/bom-logo-150x150.png\" alt=\"\" width=\"150\" height=\"150\" \/><\/p>\n<p><img loading=\"lazy\" decoding=\"async\" class=\"size-medium wp-image-1161 aligncenter\" src=\"https:\/\/nevelgubre.com.tr\/wp-content\/uploads\/2022\/11\/B.O.M-20-LT-200x300.jpg\" alt=\"\" width=\"200\" height=\"300\" \/><\/p>\n<p><strong><u>B.O.M (B\u0130O ORGAN\u0130C MATTER)<\/u><\/strong><\/p>\n<p>B.O.M klasik, organik veya topraks\u0131z tar\u0131mda kullan\u0131labilen; s\u0131v\u0131 bitki besleme \u00fcr\u00fcn\u00fcd\u00fcr.<\/p>\n<p><strong><u>\u00dcR\u00dcN\u00dcN SINIFI:<\/u><\/strong> B\u0130TK\u0130SEL MEN\u015eE\u0130L\u0130 SIVI ORGAN\u0130K G\u00dcBRE<\/p>\n<p><strong><u>Garanti Edilen \u0130\u00e7erik <\/u><\/strong><strong><u>\u00a0 \u00a0 \u00a0 \u00a0 \u00a0 \u00a0 \u00a0 \u00a0 \u00a0 \u00a0 \u00a0 \u00a0 \u00a0 \u00a0 \u00a0 \u00a0%(w\/w)<\/u><\/strong><\/p>\n<p>Organik Madde\u00a0\u00a0\u00a0\u00a0\u00a0\u00a0\u00a0\u00a0 \u00a0\u00a0\u00a0\u00a0\u00a0\u00a0\u00a0\u00a0\u00a0\u00a0\u00a0\u00a0\u00a0\u00a0\u00a0\u00a0\u00a0\u00a0\u00a0\u00a0\u00a0\u00a0\u00a0\u00a0\u00a0\u00a0\u00a0\u00a0\u00a0\u00a0\u00a0\u00a0\u00a0\u00a0\u00a0 18<\/p>\n<p>Organik Karbon\u00a0 \u00a0 \u00a0 \u00a0 \u00a0 \u00a0 \u00a0 \u00a0 \u00a0 \u00a0 \u00a0 \u00a0 \u00a0 \u00a0 \u00a0 \u00a0 \u00a0 \u00a0 \u00a0 \u00a0 \u00a0 \u00a0 \u00a08<\/p>\n<p>Toplam Azot\u00a0 \u00a0 \u00a0 \u00a0 \u00a0 \u00a0 \u00a0 \u00a0 \u00a0 \u00a0 \u00a0 \u00a0 \u00a0 \u00a0 \u00a0 \u00a0 \u00a0 \u00a0 \u00a0 \u00a0 \u00a0 \u00a0 \u00a0 \u00a0 \u00a0 \u00a01,1<\/p>\n<p>Suda \u00c7\u00f6z\u00fcn\u00fcr K<sub>2<\/sub>O\u00a0 \u00a0 \u00a0 \u00a0 \u00a0 \u00a0 \u00a0 \u00a0 \u00a0 \u00a0 \u00a0 \u00a0 \u00a0 \u00a0 \u00a0 \u00a0 \u00a0 \u00a0 \u00a0 \u00a0 3<\/p>\n<p>Ph\u00a0 \u00a0 \u00a0 \u00a0 \u00a0 \u00a0 \u00a0 \u00a0 \u00a0 \u00a0 \u00a0 \u00a0 \u00a0 \u00a0 \u00a0 \u00a0 \u00a0 \u00a0 \u00a0 \u00a0 \u00a0 \u00a0 \u00a0 \u00a0 \u00a0 \u00a0 \u00a0 \u00a0 \u00a0 \u00a0 \u00a0 \u00a0 \u00a0 \u00a04-6<\/p>\n","protected":false},"excerpt":{"rendered":"<p>B.O.M (B\u0130O ORGAN\u0130C MATTER) B.O.M klasik, organik veya topraks\u0131z tar\u0131mda kullan\u0131labilen; s\u0131v\u0131 bitki besleme \u00fcr\u00fcn\u00fcd\u00fcr. \u00dcR\u00dcN\u00dcN SINIFI: B\u0130TK\u0130SEL MEN\u015eE\u0130L\u0130 SIVI ORGAN\u0130K G\u00dcBRE Garanti Edilen \u0130\u00e7erik \u00a0 \u00a0 \u00a0 \u00a0 \u00a0 \u00a0 \u00a0 \u00a0 \u00a0 \u00a0 \u00a0 \u00a0 \u00a0 \u00a0 \u00a0 \u00a0%(w\/w) Organik Madde\u00a0\u00a0\u00a0\u00a0\u00a0\u00a0\u00a0\u00a0 \u00a0\u00a0\u00a0\u00a0\u00a0\u00a0\u00a0\u00a0\u00a0\u00a0\u00a0\u00a0\u00a0\u00a0\u00a0\u00a0\u00a0\u00a0\u00a0\u00a0\u00a0\u00a0\u00a0\u00a0\u00a0\u00a0\u00a0\u00a0\u00a0\u00a0\u00a0\u00a0\u00a0\u00a0\u00a0 18 Organik Karbon\u00a0 \u00a0 \u00a0 \u00a0 \u00a0 \u00a0 \u00a0 \u00a0 \u00a0&#8230;<\/p>\n","protected":false},"author":1,"featured_media":0,"parent":0,"menu_order":0,"comment_status":"closed","ping_status":"closed","template":"","meta":{"footnotes":""},"class_list":["post-430","page","type-page","status-publish","hentry"],"_links":{"self":[{"href":"https:\/\/nevelgubre.com.tr\/index.php\/wp-json\/wp\/v2\/pages\/430","targetHints":{"allow":["GET"]}}],"collection":[{"href":"https:\/\/nevelgubre.com.tr\/index.php\/wp-json\/wp\/v2\/pages"}],"about":[{"href":"https:\/\/nevelgubre.com.tr\/index.php\/wp-json\/wp\/v2\/types\/page"}],"author":[{"embeddable":true,"href":"https:\/\/nevelgubre.com.tr\/index.php\/wp-json\/wp\/v2\/users\/1"}],"replies":[{"embeddable":true,"href":"https:\/\/nevelgubre.com.tr\/index.php\/wp-json\/wp\/v2\/comments?post=430"}],"version-history":[{"count":39,"href":"https:\/\/nevelgubre.com.tr\/index.php\/wp-json\/wp\/v2\/pages\/430\/revisions"}],"predecessor-version":[{"id":1162,"href":"https:\/\/nevelgubre.com.tr\/index.php\/wp-json\/wp\/v2\/pages\/430\/revisions\/1162"}],"wp:attachment":[{"href":"https:\/\/nevelgubre.com.tr\/index.php\/wp-json\/wp\/v2\/media?parent=430"}],"curies":[{"name":"wp","href":"https:\/\/api.w.org\/{rel}","templated":true}]}}