{"id":935,"date":"2020-01-30T16:03:47","date_gmt":"2020-01-30T13:03:47","guid":{"rendered":"http:\/\/nevelgubre.com.tr\/?page_id=935"},"modified":"2020-05-11T14:28:13","modified_gmt":"2020-05-11T11:28:13","slug":"cappa-n-15","status":"publish","type":"page","link":"https:\/\/nevelgubre.com.tr\/index.php\/cappa-n-15\/","title":{"rendered":"Cappa N-15"},"content":{"rendered":"\n<div class=\"wp-block-image\"><figure class=\"aligncenter size-thumbnail\"><img loading=\"lazy\" decoding=\"async\" width=\"150\" height=\"150\" src=\"http:\/\/nevelgubre.com.tr\/wp-content\/uploads\/2020\/05\/CAPPA-N-15-150x150.png\" alt=\"\" class=\"wp-image-1081\"\/><\/figure><\/div>\n\n\n\n<div class=\"wp-block-image\"><figure class=\"aligncenter size-large is-resized\"><img decoding=\"async\" src=\"http:\/\/nevelgubre.com.tr\/wp-content\/uploads\/2020\/05\/N-15-20-L\u0130TRE-1.png\" alt=\"\" class=\"wp-image-1083\" width=\"150\"\/><\/figure><\/div>\n\n\n\n<p><strong>CAPPA N-15<\/strong><\/p>\n\n\n\n<p>\u00c7inko, Bor ve Mangan \u0130zelementlerine Sahip Azotlu G\u00fcbre\n\u00c7\u00f6zeltisidir.<\/p>\n\n\n\n<p><strong>\u00dcR\u00dcN\u00dcN SINIFI:<\/strong> N SIVI G\u00dcBRE \u00c7\u00d6ZELT\u0130S\u0130<\/p>\n\n\n\n<p><strong>Garanti Edilen \u0130\u00e7erik &nbsp;                       &nbsp;&nbsp; %(w\/w)<\/strong><\/p>\n\n\n\n<p>Toplam Azot&nbsp;&nbsp;&nbsp;&nbsp;&nbsp;&nbsp;&nbsp;&nbsp;&nbsp;&nbsp;&nbsp;&nbsp; &nbsp;&nbsp;&nbsp;&nbsp;&nbsp;&nbsp;&nbsp;&nbsp;&nbsp;&nbsp;&nbsp;&nbsp;&nbsp;&nbsp;&nbsp;&nbsp;&nbsp;&nbsp;&nbsp;&nbsp;&nbsp;&nbsp;&nbsp;&nbsp;&nbsp;&nbsp;&nbsp;&nbsp;&nbsp;&nbsp;&nbsp;&nbsp;&nbsp;&nbsp;&nbsp;&nbsp;15<\/p>\n\n\n\n<p>&nbsp; \u00dcre Azotu&nbsp;&nbsp;&nbsp;&nbsp;&nbsp;&nbsp;&nbsp;&nbsp;&nbsp;&nbsp;&nbsp;&nbsp;&nbsp;&nbsp;&nbsp;&nbsp;&nbsp;&nbsp;&nbsp;&nbsp;&nbsp;&nbsp;&nbsp;&nbsp;&nbsp;&nbsp;&nbsp;&nbsp;&nbsp;&nbsp;&nbsp;&nbsp;&nbsp;&nbsp;&nbsp;&nbsp;&nbsp;&nbsp;&nbsp;&nbsp;&nbsp;&nbsp;&nbsp;&nbsp;&nbsp;&nbsp; &nbsp;&nbsp;&nbsp;&nbsp; 15<\/p>\n\n\n\n<p>Suda \u00c7\u00f6z\u00fcn\u00fcr Bor(B)&nbsp;&nbsp;&nbsp;&nbsp;&nbsp;&nbsp;&nbsp;&nbsp;&nbsp;&nbsp;&nbsp;&nbsp;&nbsp;&nbsp;&nbsp;&nbsp;&nbsp;&nbsp;&nbsp;&nbsp;&nbsp;&nbsp;&nbsp;&nbsp;&nbsp;&nbsp;&nbsp;&nbsp;&nbsp;&nbsp;&nbsp;&nbsp;&nbsp; &nbsp;&nbsp;0,05<\/p>\n\n\n\n<p>Suda \u00c7\u00f6z\u00fcn\u00fcr Mangan (Mn)&nbsp;&nbsp;&nbsp;&nbsp;&nbsp;&nbsp;&nbsp;&nbsp;&nbsp;&nbsp;&nbsp;&nbsp;&nbsp;&nbsp;&nbsp;&nbsp;&nbsp;&nbsp;&nbsp; &nbsp;&nbsp;&nbsp;0,05<\/p>\n\n\n\n<p>Suda \u00c7\u00f6z\u00fcn\u00fcr \u00c7inko (Zn)&nbsp;&nbsp;&nbsp;&nbsp;&nbsp;&nbsp;&nbsp;&nbsp;&nbsp;&nbsp;&nbsp;&nbsp;&nbsp;&nbsp;&nbsp;&nbsp;&nbsp;&nbsp;&nbsp;&nbsp;&nbsp;&nbsp;&nbsp;&nbsp;&nbsp;&nbsp; &nbsp;&nbsp;0,5<\/p>\n\n\n\n<p><strong>\u00dcr\u00fcn\u00fcn Teknik\n\u00d6zellikleri<\/strong><\/p>\n\n\n\n<ol class=\"wp-block-list\"><li>Bitkide\nbesin elementlerinin&nbsp;noksanl\u0131\u011f\u0131 nedeniyle meydana gelen b\u00fcy\u00fcme ve geli\u015fme\ngeriliklerinin giderilmesi i\u00e7in tavsiye&nbsp;edilir.<\/li><li>Vejetatif\ngeli\u015fimin bile\u015fenlerini b\u00fcnyesinde bulunduran 15 azot sayesinde bitkinin\nfotosentez etkinli\u011fini ve&nbsp;kuru madde birikimini art\u0131rarak bitki boyunun\nuzamas\u0131n\u0131 sa\u011flar, bodur geli\u015fimi \u00f6nler.&nbsp;<\/li><li>Dal,\nyaprak ve s\u00fcrg\u00fcn&nbsp;geli\u015fimini h\u0131zland\u0131r\u0131r.<\/li><li>Yaprak\nve meyve d\u00f6k\u00fclmelerinin \u00f6n\u00fcne ge\u00e7er.<\/li><\/ol>\n\n\n\n<p><strong>Uygulama \u015eekli,Dozlar\u0131 ve Zaman\u0131<\/strong><\/p>\n\n\n\n<figure class=\"wp-block-image size-large is-resized\"><img loading=\"lazy\" decoding=\"async\" src=\"http:\/\/nevelgubre.com.tr\/wp-content\/uploads\/2020\/01\/N-15-724x1024.jpg\" alt=\"\" class=\"wp-image-937\" width=\"543\" height=\"768\" srcset=\"https:\/\/nevelgubre.com.tr\/wp-content\/uploads\/2020\/01\/N-15-724x1024.jpg 724w, https:\/\/nevelgubre.com.tr\/wp-content\/uploads\/2020\/01\/N-15-212x300.jpg 212w, https:\/\/nevelgubre.com.tr\/wp-content\/uploads\/2020\/01\/N-15-768x1086.jpg 768w, https:\/\/nevelgubre.com.tr\/wp-content\/uploads\/2020\/01\/N-15-1086x1536.jpg 1086w, https:\/\/nevelgubre.com.tr\/wp-content\/uploads\/2020\/01\/N-15-1448x2048.jpg 1448w, https:\/\/nevelgubre.com.tr\/wp-content\/uploads\/2020\/01\/N-15.jpg 1654w\" sizes=\"auto, (max-width: 543px) 100vw, 543px\" \/><\/figure>\n","protected":false},"excerpt":{"rendered":"<p>CAPPA N-15 \u00c7inko, Bor ve Mangan \u0130zelementlerine Sahip Azotlu G\u00fcbre \u00c7\u00f6zeltisidir. \u00dcR\u00dcN\u00dcN SINIFI: N SIVI G\u00dcBRE \u00c7\u00d6ZELT\u0130S\u0130 Garanti Edilen \u0130\u00e7erik &nbsp; &nbsp;&nbsp; %(w\/w) Toplam Azot&nbsp;&nbsp;&nbsp;&nbsp;&nbsp;&nbsp;&nbsp;&nbsp;&nbsp;&nbsp;&nbsp;&nbsp; &nbsp;&nbsp;&nbsp;&nbsp;&nbsp;&nbsp;&nbsp;&nbsp;&nbsp;&nbsp;&nbsp;&nbsp;&nbsp;&nbsp;&nbsp;&nbsp;&nbsp;&nbsp;&nbsp;&nbsp;&nbsp;&nbsp;&nbsp;&nbsp;&nbsp;&nbsp;&nbsp;&nbsp;&nbsp;&nbsp;&nbsp;&nbsp;&nbsp;&nbsp;&nbsp;&nbsp;15 &nbsp; \u00dcre Azotu&nbsp;&nbsp;&nbsp;&nbsp;&nbsp;&nbsp;&nbsp;&nbsp;&nbsp;&nbsp;&nbsp;&nbsp;&nbsp;&nbsp;&nbsp;&nbsp;&nbsp;&nbsp;&nbsp;&nbsp;&nbsp;&nbsp;&nbsp;&nbsp;&nbsp;&nbsp;&nbsp;&nbsp;&nbsp;&nbsp;&nbsp;&nbsp;&nbsp;&nbsp;&nbsp;&nbsp;&nbsp;&nbsp;&nbsp;&nbsp;&nbsp;&nbsp;&nbsp;&nbsp;&nbsp;&nbsp; &nbsp;&nbsp;&nbsp;&nbsp; 15 Suda \u00c7\u00f6z\u00fcn\u00fcr Bor(B)&nbsp;&nbsp;&nbsp;&nbsp;&nbsp;&nbsp;&nbsp;&nbsp;&nbsp;&nbsp;&nbsp;&nbsp;&nbsp;&nbsp;&nbsp;&nbsp;&nbsp;&nbsp;&nbsp;&nbsp;&nbsp;&nbsp;&nbsp;&nbsp;&nbsp;&nbsp;&nbsp;&nbsp;&nbsp;&nbsp;&nbsp;&nbsp;&nbsp; &nbsp;&nbsp;0,05 Suda \u00c7\u00f6z\u00fcn\u00fcr Mangan (Mn)&nbsp;&nbsp;&nbsp;&nbsp;&nbsp;&nbsp;&nbsp;&nbsp;&nbsp;&nbsp;&nbsp;&nbsp;&nbsp;&nbsp;&nbsp;&nbsp;&nbsp;&nbsp;&nbsp; &nbsp;&nbsp;&nbsp;0,05 Suda \u00c7\u00f6z\u00fcn\u00fcr \u00c7inko (Zn)&nbsp;&nbsp;&nbsp;&nbsp;&nbsp;&nbsp;&nbsp;&nbsp;&nbsp;&nbsp;&nbsp;&nbsp;&nbsp;&nbsp;&nbsp;&nbsp;&nbsp;&nbsp;&nbsp;&nbsp;&nbsp;&nbsp;&nbsp;&nbsp;&nbsp;&nbsp; &nbsp;&nbsp;0,5 \u00dcr\u00fcn\u00fcn Teknik \u00d6zellikleri Bitkide besin elementlerinin&nbsp;noksanl\u0131\u011f\u0131 nedeniyle meydana gelen b\u00fcy\u00fcme&#8230;<\/p>\n","protected":false},"author":1,"featured_media":0,"parent":0,"menu_order":0,"comment_status":"closed","ping_status":"closed","template":"","meta":{"footnotes":""},"class_list":["post-935","page","type-page","status-publish","hentry"],"_links":{"self":[{"href":"https:\/\/nevelgubre.com.tr\/index.php\/wp-json\/wp\/v2\/pages\/935","targetHints":{"allow":["GET"]}}],"collection":[{"href":"https:\/\/nevelgubre.com.tr\/index.php\/wp-json\/wp\/v2\/pages"}],"about":[{"href":"https:\/\/nevelgubre.com.tr\/index.php\/wp-json\/wp\/v2\/types\/page"}],"author":[{"embeddable":true,"href":"https:\/\/nevelgubre.com.tr\/index.php\/wp-json\/wp\/v2\/users\/1"}],"replies":[{"embeddable":true,"href":"https:\/\/nevelgubre.com.tr\/index.php\/wp-json\/wp\/v2\/comments?post=935"}],"version-history":[{"count":5,"href":"https:\/\/nevelgubre.com.tr\/index.php\/wp-json\/wp\/v2\/pages\/935\/revisions"}],"predecessor-version":[{"id":1084,"href":"https:\/\/nevelgubre.com.tr\/index.php\/wp-json\/wp\/v2\/pages\/935\/revisions\/1084"}],"wp:attachment":[{"href":"https:\/\/nevelgubre.com.tr\/index.php\/wp-json\/wp\/v2\/media?parent=935"}],"curies":[{"name":"wp","href":"https:\/\/api.w.org\/{rel}","templated":true}]}}