{"id":950,"date":"2020-01-30T16:15:06","date_gmt":"2020-01-30T13:15:06","guid":{"rendered":"http:\/\/nevelgubre.com.tr\/?page_id=950"},"modified":"2020-05-11T14:32:26","modified_gmt":"2020-05-11T11:32:26","slug":"cappa-7-27-0","status":"publish","type":"page","link":"https:\/\/nevelgubre.com.tr\/index.php\/cappa-7-27-0\/","title":{"rendered":"Cappa 7-27-0"},"content":{"rendered":"\n<figure class=\"wp-block-gallery aligncenter columns-1 wp-block-gallery-1 is-layout-flex wp-block-gallery-is-layout-flex\"><ul class=\"blocks-gallery-grid\"><li class=\"blocks-gallery-item\"><figure><img loading=\"lazy\" decoding=\"async\" width=\"1024\" height=\"709\" src=\"http:\/\/nevelgubre.com.tr\/wp-content\/uploads\/2020\/05\/CAPPA-7-27-0-2-1024x709.png\" alt=\"\" data-id=\"1088\" data-full-url=\"http:\/\/nevelgubre.com.tr\/wp-content\/uploads\/2020\/05\/CAPPA-7-27-0-2.png\" data-link=\"http:\/\/nevelgubre.com.tr\/index.php\/cappa-7-27-0\/cappa-7-27-0-2-2\/\" class=\"wp-image-1088\" srcset=\"https:\/\/nevelgubre.com.tr\/wp-content\/uploads\/2020\/05\/CAPPA-7-27-0-2-1024x709.png 1024w, https:\/\/nevelgubre.com.tr\/wp-content\/uploads\/2020\/05\/CAPPA-7-27-0-2-768x532.png 768w, https:\/\/nevelgubre.com.tr\/wp-content\/uploads\/2020\/05\/CAPPA-7-27-0-2-1536x1063.png 1536w, https:\/\/nevelgubre.com.tr\/wp-content\/uploads\/2020\/05\/CAPPA-7-27-0-2-2048x1418.png 2048w\" sizes=\"auto, (max-width: 1024px) 100vw, 1024px\" \/><\/figure><\/li><\/ul><\/figure>\n\n\n\n<p><strong>CAPPA 7-27-0<\/strong><\/p>\n\n\n\n<p>&nbsp;&nbsp; Y\u00fcksek Emilimli\nS\u0131v\u0131 Azot ve Fosfor Kayna\u011f\u0131d\u0131r.<\/p>\n\n\n\n<p><strong>\u00dcR\u00dcN\u00dcN SINIFI:<\/strong> NP G\u00dcBRE \u00c7\u00d6ZELT\u0130S\u0130<\/p>\n\n\n\n<p><strong>Garanti Edilen \u0130\u00e7erik &nbsp;&nbsp;&nbsp;                                                         %(w\/w)<\/strong><\/p>\n\n\n\n<p>Toplam Azot(N) &nbsp;&nbsp;&nbsp;&nbsp;&nbsp;&nbsp; &nbsp;&nbsp;&nbsp;&nbsp;&nbsp;&nbsp;&nbsp;&nbsp;&nbsp;&nbsp;&nbsp;&nbsp;&nbsp;&nbsp;&nbsp;&nbsp;&nbsp;&nbsp;&nbsp;&nbsp;&nbsp;&nbsp;&nbsp;&nbsp;&nbsp;&nbsp;&nbsp;&nbsp;&nbsp;&nbsp;&nbsp;&nbsp;&nbsp;&nbsp;&nbsp;          &nbsp;                         &nbsp;7<\/p>\n\n\n\n<p>&nbsp;&nbsp; Amonyum Azotu&nbsp;(N) &nbsp;&nbsp;&nbsp;&nbsp;&nbsp;&nbsp;&nbsp;&nbsp;&nbsp;&nbsp;&nbsp;&nbsp;&nbsp;&nbsp;&nbsp;&nbsp;&nbsp;&nbsp;&nbsp;&nbsp;&nbsp;&nbsp;&nbsp;&nbsp;&nbsp;&nbsp;&nbsp;&nbsp;&nbsp;&nbsp;&nbsp;&nbsp;&nbsp;&nbsp;                                  7<\/p>\n\n\n\n<p>Suda \u00c7\u00f6z\u00fcn\u00fcr Fosfor Pentaoksit(P<sub>2<\/sub>O<sub>5)&nbsp;&nbsp;&nbsp;&nbsp;<\/sub>&nbsp;                                &nbsp;27&nbsp;&nbsp;&nbsp;&nbsp;&nbsp;&nbsp;&nbsp;&nbsp;&nbsp;&nbsp;&nbsp;&nbsp;&nbsp;&nbsp;&nbsp;&nbsp;&nbsp;&nbsp;&nbsp;&nbsp;&nbsp;<\/p>\n\n\n\n<figure class=\"wp-block-table\"><table><tbody><tr><td>KLOR \u0130\u00c7ER\u0130\u011e\u0130 (Cl)&nbsp;&nbsp;&nbsp;&nbsp;&nbsp;&nbsp;&nbsp;&nbsp;&nbsp;&nbsp;&nbsp;&nbsp;&nbsp;&nbsp;&nbsp;&nbsp;                                                      &nbsp;&nbsp;&nbsp;&nbsp;% 0,3<\/td><\/tr><\/tbody><\/table><\/figure>\n\n\n\n<p>&nbsp;&nbsp;&nbsp;&nbsp;&nbsp; <\/p>\n\n\n\n<p><strong>\u00dcr\u00fcn\u00fcn Teknik\n\u00d6zellikleri<\/strong><\/p>\n\n\n\n<ol class=\"wp-block-list\"><li>Bitkinin\nilk geli\u015fme d\u00f6nemlerinde&nbsp;uyguland\u0131\u011f\u0131nda k\u00f6k geli\u015fimini h\u0131zland\u0131r\u0131r ve\ng\u00fc\u00e7l\u00fc bir k\u00f6k sistemi meydana getirir.&nbsp;<\/li><li>Bitkilerde\n\u00e7i\u00e7ek olu\u015fumu, \u00e7i\u00e7ek tutumu veya tutmu\u015f \u00e7i\u00e7e\u011fin kuvvetlendirilmesinde ve\ncanland\u0131r\u0131lmas\u0131nda \u00f6nemli bir role sahiptir. Her\nt\u00fcrl\u00fc \u00e7i\u00e7ek sorununda etkili bir \u00e7i\u00e7eklendirici g\u00fcbredir.<\/li><li>Kurakl\u0131\u011fa\nve&nbsp;hastal\u0131klara kar\u015f\u0131 dayan\u0131m\u0131 art\u0131r\u0131r.<\/li><li>Tah\u0131llarda\nkarde\u015flenmeyi te\u015fvik ederek verim art\u0131\u015f\u0131 sa\u011flar.<\/li><li>\u00c7i\u00e7eklenme&nbsp;\u00f6ncesi\nuyguland\u0131\u011f\u0131nda kuvvetli ve e\u015fzamanl\u0131 \u00e7i\u00e7eklenmeyi te\u015fvik eder, dane ve meyve\ntutumunu art\u0131r\u0131r. \u0130ri&nbsp;ve dolgun \u00fcr\u00fcn meydana getirir.<\/li><li>Generatif\ngeli\u015fimi ve olgunla\u015fmay\u0131 h\u0131zland\u0131rarak hasatta erkencilik sa\u011flar.<\/li><\/ol>\n\n\n\n<p><strong>Uygulama \u015eekli,Dozlar\u0131 ve Zaman\u0131<\/strong><\/p>\n\n\n\n<figure class=\"wp-block-image size-large\"><img loading=\"lazy\" decoding=\"async\" width=\"1024\" height=\"410\" src=\"http:\/\/nevelgubre.com.tr\/wp-content\/uploads\/2020\/05\/uygulama-1024x410.png\" alt=\"\" class=\"wp-image-1060\" srcset=\"https:\/\/nevelgubre.com.tr\/wp-content\/uploads\/2020\/05\/uygulama-1024x410.png 1024w, https:\/\/nevelgubre.com.tr\/wp-content\/uploads\/2020\/05\/uygulama-768x308.png 768w, https:\/\/nevelgubre.com.tr\/wp-content\/uploads\/2020\/05\/uygulama.png 1038w\" sizes=\"auto, (max-width: 1024px) 100vw, 1024px\" \/><\/figure>\n","protected":false},"excerpt":{"rendered":"<p>CAPPA 7-27-0 &nbsp;&nbsp; Y\u00fcksek Emilimli S\u0131v\u0131 Azot ve Fosfor Kayna\u011f\u0131d\u0131r. \u00dcR\u00dcN\u00dcN SINIFI: NP G\u00dcBRE \u00c7\u00d6ZELT\u0130S\u0130 Garanti Edilen \u0130\u00e7erik &nbsp;&nbsp;&nbsp; %(w\/w) Toplam Azot(N) &nbsp;&nbsp;&nbsp;&nbsp;&nbsp;&nbsp; &nbsp;&nbsp;&nbsp;&nbsp;&nbsp;&nbsp;&nbsp;&nbsp;&nbsp;&nbsp;&nbsp;&nbsp;&nbsp;&nbsp;&nbsp;&nbsp;&nbsp;&nbsp;&nbsp;&nbsp;&nbsp;&nbsp;&nbsp;&nbsp;&nbsp;&nbsp;&nbsp;&nbsp;&nbsp;&nbsp;&nbsp;&nbsp;&nbsp;&nbsp;&nbsp; &nbsp; &nbsp;7 &nbsp;&nbsp; Amonyum Azotu&nbsp;(N) &nbsp;&nbsp;&nbsp;&nbsp;&nbsp;&nbsp;&nbsp;&nbsp;&nbsp;&nbsp;&nbsp;&nbsp;&nbsp;&nbsp;&nbsp;&nbsp;&nbsp;&nbsp;&nbsp;&nbsp;&nbsp;&nbsp;&nbsp;&nbsp;&nbsp;&nbsp;&nbsp;&nbsp;&nbsp;&nbsp;&nbsp;&nbsp;&nbsp;&nbsp; 7 Suda \u00c7\u00f6z\u00fcn\u00fcr Fosfor Pentaoksit(P2O5)&nbsp;&nbsp;&nbsp;&nbsp;&nbsp; &nbsp;27&nbsp;&nbsp;&nbsp;&nbsp;&nbsp;&nbsp;&nbsp;&nbsp;&nbsp;&nbsp;&nbsp;&nbsp;&nbsp;&nbsp;&nbsp;&nbsp;&nbsp;&nbsp;&nbsp;&nbsp;&nbsp; KLOR \u0130\u00c7ER\u0130\u011e\u0130 (Cl)&nbsp;&nbsp;&nbsp;&nbsp;&nbsp;&nbsp;&nbsp;&nbsp;&nbsp;&nbsp;&nbsp;&nbsp;&nbsp;&nbsp;&nbsp;&nbsp; &nbsp;&nbsp;&nbsp;&nbsp;% 0,3 &nbsp;&nbsp;&nbsp;&nbsp;&nbsp; \u00dcr\u00fcn\u00fcn Teknik \u00d6zellikleri Bitkinin ilk geli\u015fme d\u00f6nemlerinde&nbsp;uyguland\u0131\u011f\u0131nda k\u00f6k geli\u015fimini h\u0131zland\u0131r\u0131r ve g\u00fc\u00e7l\u00fc bir&#8230;<\/p>\n","protected":false},"author":1,"featured_media":0,"parent":0,"menu_order":0,"comment_status":"closed","ping_status":"closed","template":"","meta":{"footnotes":""},"class_list":["post-950","page","type-page","status-publish","hentry"],"_links":{"self":[{"href":"https:\/\/nevelgubre.com.tr\/index.php\/wp-json\/wp\/v2\/pages\/950","targetHints":{"allow":["GET"]}}],"collection":[{"href":"https:\/\/nevelgubre.com.tr\/index.php\/wp-json\/wp\/v2\/pages"}],"about":[{"href":"https:\/\/nevelgubre.com.tr\/index.php\/wp-json\/wp\/v2\/types\/page"}],"author":[{"embeddable":true,"href":"https:\/\/nevelgubre.com.tr\/index.php\/wp-json\/wp\/v2\/users\/1"}],"replies":[{"embeddable":true,"href":"https:\/\/nevelgubre.com.tr\/index.php\/wp-json\/wp\/v2\/comments?post=950"}],"version-history":[{"count":14,"href":"https:\/\/nevelgubre.com.tr\/index.php\/wp-json\/wp\/v2\/pages\/950\/revisions"}],"predecessor-version":[{"id":1091,"href":"https:\/\/nevelgubre.com.tr\/index.php\/wp-json\/wp\/v2\/pages\/950\/revisions\/1091"}],"wp:attachment":[{"href":"https:\/\/nevelgubre.com.tr\/index.php\/wp-json\/wp\/v2\/media?parent=950"}],"curies":[{"name":"wp","href":"https:\/\/api.w.org\/{rel}","templated":true}]}}