{"id":959,"date":"2020-01-30T16:25:02","date_gmt":"2020-01-30T13:25:02","guid":{"rendered":"http:\/\/nevelgubre.com.tr\/?page_id=959"},"modified":"2020-05-11T14:19:28","modified_gmt":"2020-05-11T11:19:28","slug":"nevel-k-potas-plus","status":"publish","type":"page","link":"https:\/\/nevelgubre.com.tr\/index.php\/nevel-k-potas-plus\/","title":{"rendered":"NEVEL K POTAS"},"content":{"rendered":"\n<div class=\"wp-block-image\"><figure class=\"aligncenter size-large is-resized\"><img loading=\"lazy\" decoding=\"async\" src=\"http:\/\/nevelgubre.com.tr\/wp-content\/uploads\/2020\/05\/nevel-k-potas.png\" alt=\"\" class=\"wp-image-1071\" width=\"179\" height=\"119\" srcset=\"https:\/\/nevelgubre.com.tr\/wp-content\/uploads\/2020\/05\/nevel-k-potas.png 920w, https:\/\/nevelgubre.com.tr\/wp-content\/uploads\/2020\/05\/nevel-k-potas-768x511.png 768w\" sizes=\"auto, (max-width: 179px) 100vw, 179px\" \/><\/figure><\/div>\n\n\n\n<p><strong>NEVEL K POTAS<\/strong> <\/p>\n\n\n\n<p>&nbsp;&nbsp;&nbsp;&nbsp;&nbsp;&nbsp; \u00dcr\u00fcn\u00fcn i\u00e7eri\u011finde kullan\u0131lan potasyum kayna\u011f\u0131 bitki b\u00fcnyesine h\u0131zl\u0131ca girerek etkisini k\u0131sa s\u00fcrede g\u00f6stermektedir.<\/p>\n\n\n\n<p><strong>Garanti Edilen \u0130\u00e7erik <\/strong><strong>&nbsp;&nbsp;&nbsp; %(w\/w)<\/strong><\/p>\n\n\n\n<p>Toplam Azot&nbsp;&nbsp;&nbsp;&nbsp;&nbsp;&nbsp;&nbsp;&nbsp;&nbsp;&nbsp;&nbsp;&nbsp; &nbsp;&nbsp;&nbsp;&nbsp;&nbsp;&nbsp;&nbsp;&nbsp;&nbsp;&nbsp;&nbsp;&nbsp;&nbsp;&nbsp;&nbsp;&nbsp;&nbsp;&nbsp;&nbsp;&nbsp;&nbsp;5<\/p>\n\n\n\n<p>&nbsp;&nbsp; \u00dcre Azotu&nbsp;&nbsp;&nbsp;&nbsp;&nbsp;&nbsp;&nbsp;&nbsp;&nbsp;&nbsp;&nbsp;&nbsp;&nbsp;&nbsp;&nbsp;&nbsp;&nbsp;&nbsp;&nbsp;&nbsp;&nbsp;&nbsp;&nbsp;&nbsp;&nbsp;&nbsp;&nbsp;&nbsp;&nbsp;&nbsp;&nbsp;&nbsp;&nbsp;&nbsp;&nbsp; 5<\/p>\n\n\n\n<p>Suda \u00c7\u00f6z\u00fcn\u00fcr K<sub>2<\/sub>O&nbsp;&nbsp;&nbsp;&nbsp;&nbsp;&nbsp;&nbsp;&nbsp;&nbsp;&nbsp;&nbsp;&nbsp;&nbsp;&nbsp;&nbsp;&nbsp;&nbsp;&nbsp;&nbsp;&nbsp;&nbsp;&nbsp;30<\/p>\n\n\n\n<p>Ph&nbsp;&nbsp;&nbsp;&nbsp;&nbsp;&nbsp;&nbsp;&nbsp;&nbsp;&nbsp;&nbsp;&nbsp;&nbsp;&nbsp;&nbsp;&nbsp;&nbsp;&nbsp;&nbsp;&nbsp;&nbsp;&nbsp;&nbsp;&nbsp;&nbsp;&nbsp;&nbsp;&nbsp;&nbsp;&nbsp;&nbsp;&nbsp;&nbsp;&nbsp;&nbsp;&nbsp;&nbsp;&nbsp;&nbsp;&nbsp;&nbsp;&nbsp; &nbsp;&nbsp;&nbsp;&nbsp;10-12&nbsp;&nbsp;&nbsp;&nbsp;&nbsp;&nbsp;&nbsp;&nbsp;&nbsp;&nbsp;&nbsp;&nbsp;&nbsp;&nbsp;&nbsp;&nbsp;&nbsp;&nbsp;&nbsp;&nbsp;&nbsp;&nbsp;&nbsp;&nbsp;&nbsp;&nbsp;&nbsp;&nbsp;&nbsp;&nbsp;&nbsp; <\/p>\n\n\n\n<p><strong>\u00dcr\u00fcn\u00fcn Teknik\n\u00d6zellikleri<\/strong><\/p>\n\n\n\n<ol class=\"wp-block-list\"><li>Alkali\nbazik potasyum sayesinde bitkinin Ph\u2019s\u0131n\u0131 h\u0131zl\u0131ca y\u00fckselterek meyvenin tat,\naroma, kokusunu art\u0131r\u0131r. H\u0131zl\u0131ca olgunla\u015fmaya te\u015fvik eder.<\/li><li>\u00dcr\u00fcn\u00fcn\ni\u00e7erisindeki azot sayesinde olgunla\u015fma s\u0131ras\u0131nda meyve \u00e7atlamalar\u0131n\u0131 engeller\nve meyve b\u00fcy\u00fctme \u00f6zelli\u011fi g\u00f6sterir.<\/li><li>Sebzeler\nve meyve a\u011fa\u00e7lar\u0131nda tomurcuk ve&nbsp;\u00e7i\u00e7ek olu\u015fumu, meyve ba\u011flama ve meyve\nkalitesini (\u015fekerler, proteinler, vitaminler, organik asitler,\naroma&nbsp;maddeleri vs.) art\u0131r\u0131r.&nbsp;<\/li><li>Generatif\nd\u00f6nemde de fotosentez (\u00f6z\u00fcmleme) faaliyetlerinin devaml\u0131l\u0131\u011f\u0131n\u0131 te\u015fvik&nbsp;eder\nve \u00f6z\u00fcmleme maddelerinin yapraklardan meyvelere ta\u015f\u0131nmas\u0131n\u0131 h\u0131zland\u0131r\u0131r. Bu\n\u00f6zelli\u011fi ile \u00fcr\u00fcn\u00fcn&nbsp;iri, dolgun ve sert, renginin canl\u0131 olmas\u0131n\u0131\nsa\u011flar.&nbsp;<\/li><li>Depolama&nbsp;ve\nraf \u00f6mr\u00fcn\u00fc uzat\u0131r.<\/li><li>Toprak\nuygulamas\u0131 tavsiye edilir.<\/li><\/ol>\n\n\n\n<p><strong>Uygulama \u015eekli,Dozlar\u0131 ve Zaman\u0131<\/strong><\/p>\n\n\n\n<figure class=\"wp-block-image size-large is-resized\"><img loading=\"lazy\" decoding=\"async\" src=\"http:\/\/nevelgubre.com.tr\/wp-content\/uploads\/2020\/01\/K-POTAS-724x1024.jpg\" alt=\"\" class=\"wp-image-962\" width=\"543\" height=\"768\" srcset=\"https:\/\/nevelgubre.com.tr\/wp-content\/uploads\/2020\/01\/K-POTAS-724x1024.jpg 724w, https:\/\/nevelgubre.com.tr\/wp-content\/uploads\/2020\/01\/K-POTAS-212x300.jpg 212w, https:\/\/nevelgubre.com.tr\/wp-content\/uploads\/2020\/01\/K-POTAS-768x1086.jpg 768w, https:\/\/nevelgubre.com.tr\/wp-content\/uploads\/2020\/01\/K-POTAS-1086x1536.jpg 1086w, https:\/\/nevelgubre.com.tr\/wp-content\/uploads\/2020\/01\/K-POTAS-1448x2048.jpg 1448w, https:\/\/nevelgubre.com.tr\/wp-content\/uploads\/2020\/01\/K-POTAS.jpg 1654w\" sizes=\"auto, (max-width: 543px) 100vw, 543px\" \/><\/figure>\n","protected":false},"excerpt":{"rendered":"<p>NEVEL K POTAS &nbsp;&nbsp;&nbsp;&nbsp;&nbsp;&nbsp; \u00dcr\u00fcn\u00fcn i\u00e7eri\u011finde kullan\u0131lan potasyum kayna\u011f\u0131 bitki b\u00fcnyesine h\u0131zl\u0131ca girerek etkisini k\u0131sa s\u00fcrede g\u00f6stermektedir. Garanti Edilen \u0130\u00e7erik &nbsp;&nbsp;&nbsp; %(w\/w) Toplam Azot&nbsp;&nbsp;&nbsp;&nbsp;&nbsp;&nbsp;&nbsp;&nbsp;&nbsp;&nbsp;&nbsp;&nbsp; &nbsp;&nbsp;&nbsp;&nbsp;&nbsp;&nbsp;&nbsp;&nbsp;&nbsp;&nbsp;&nbsp;&nbsp;&nbsp;&nbsp;&nbsp;&nbsp;&nbsp;&nbsp;&nbsp;&nbsp;&nbsp;5 &nbsp;&nbsp; \u00dcre Azotu&nbsp;&nbsp;&nbsp;&nbsp;&nbsp;&nbsp;&nbsp;&nbsp;&nbsp;&nbsp;&nbsp;&nbsp;&nbsp;&nbsp;&nbsp;&nbsp;&nbsp;&nbsp;&nbsp;&nbsp;&nbsp;&nbsp;&nbsp;&nbsp;&nbsp;&nbsp;&nbsp;&nbsp;&nbsp;&nbsp;&nbsp;&nbsp;&nbsp;&nbsp;&nbsp; 5 Suda \u00c7\u00f6z\u00fcn\u00fcr K2O&nbsp;&nbsp;&nbsp;&nbsp;&nbsp;&nbsp;&nbsp;&nbsp;&nbsp;&nbsp;&nbsp;&nbsp;&nbsp;&nbsp;&nbsp;&nbsp;&nbsp;&nbsp;&nbsp;&nbsp;&nbsp;&nbsp;30 Ph&nbsp;&nbsp;&nbsp;&nbsp;&nbsp;&nbsp;&nbsp;&nbsp;&nbsp;&nbsp;&nbsp;&nbsp;&nbsp;&nbsp;&nbsp;&nbsp;&nbsp;&nbsp;&nbsp;&nbsp;&nbsp;&nbsp;&nbsp;&nbsp;&nbsp;&nbsp;&nbsp;&nbsp;&nbsp;&nbsp;&nbsp;&nbsp;&nbsp;&nbsp;&nbsp;&nbsp;&nbsp;&nbsp;&nbsp;&nbsp;&nbsp;&nbsp; &nbsp;&nbsp;&nbsp;&nbsp;10-12&nbsp;&nbsp;&nbsp;&nbsp;&nbsp;&nbsp;&nbsp;&nbsp;&nbsp;&nbsp;&nbsp;&nbsp;&nbsp;&nbsp;&nbsp;&nbsp;&nbsp;&nbsp;&nbsp;&nbsp;&nbsp;&nbsp;&nbsp;&nbsp;&nbsp;&nbsp;&nbsp;&nbsp;&nbsp;&nbsp;&nbsp; \u00dcr\u00fcn\u00fcn Teknik \u00d6zellikleri Alkali bazik potasyum sayesinde bitkinin Ph\u2019s\u0131n\u0131 h\u0131zl\u0131ca y\u00fckselterek meyvenin tat, aroma, kokusunu art\u0131r\u0131r. H\u0131zl\u0131ca olgunla\u015fmaya te\u015fvik eder. \u00dcr\u00fcn\u00fcn&#8230;<\/p>\n","protected":false},"author":1,"featured_media":0,"parent":0,"menu_order":0,"comment_status":"closed","ping_status":"closed","template":"","meta":{"footnotes":""},"class_list":["post-959","page","type-page","status-publish","hentry"],"_links":{"self":[{"href":"https:\/\/nevelgubre.com.tr\/index.php\/wp-json\/wp\/v2\/pages\/959","targetHints":{"allow":["GET"]}}],"collection":[{"href":"https:\/\/nevelgubre.com.tr\/index.php\/wp-json\/wp\/v2\/pages"}],"about":[{"href":"https:\/\/nevelgubre.com.tr\/index.php\/wp-json\/wp\/v2\/types\/page"}],"author":[{"embeddable":true,"href":"https:\/\/nevelgubre.com.tr\/index.php\/wp-json\/wp\/v2\/users\/1"}],"replies":[{"embeddable":true,"href":"https:\/\/nevelgubre.com.tr\/index.php\/wp-json\/wp\/v2\/comments?post=959"}],"version-history":[{"count":9,"href":"https:\/\/nevelgubre.com.tr\/index.php\/wp-json\/wp\/v2\/pages\/959\/revisions"}],"predecessor-version":[{"id":1072,"href":"https:\/\/nevelgubre.com.tr\/index.php\/wp-json\/wp\/v2\/pages\/959\/revisions\/1072"}],"wp:attachment":[{"href":"https:\/\/nevelgubre.com.tr\/index.php\/wp-json\/wp\/v2\/media?parent=959"}],"curies":[{"name":"wp","href":"https:\/\/api.w.org\/{rel}","templated":true}]}}