{"id":966,"date":"2020-01-30T16:28:00","date_gmt":"2020-01-30T13:28:00","guid":{"rendered":"http:\/\/nevelgubre.com.tr\/?page_id=966"},"modified":"2020-09-17T16:21:02","modified_gmt":"2020-09-17T13:21:02","slug":"cappa-calcium","status":"publish","type":"page","link":"https:\/\/nevelgubre.com.tr\/index.php\/cappa-calcium\/","title":{"rendered":"Cappa Calcium"},"content":{"rendered":"\n<figure class=\"wp-block-gallery aligncenter columns-1 is-cropped wp-block-gallery-1 is-layout-flex wp-block-gallery-is-layout-flex\"><ul class=\"blocks-gallery-grid\"><li class=\"blocks-gallery-item\"><figure><img loading=\"lazy\" decoding=\"async\" width=\"347\" height=\"190\" src=\"http:\/\/nevelgubre.com.tr\/wp-content\/uploads\/2020\/02\/CAPPA-CALCIUM-1.png\" alt=\"\" data-id=\"1026\" data-full-url=\"http:\/\/nevelgubre.com.tr\/wp-content\/uploads\/2020\/02\/CAPPA-CALCIUM-1.png\" data-link=\"http:\/\/nevelgubre.com.tr\/index.php\/cappa-calcium\/cappa-calcium-1\/\" class=\"wp-image-1026\" srcset=\"https:\/\/nevelgubre.com.tr\/wp-content\/uploads\/2020\/02\/CAPPA-CALCIUM-1.png 347w, https:\/\/nevelgubre.com.tr\/wp-content\/uploads\/2020\/02\/CAPPA-CALCIUM-1-300x164.png 300w\" sizes=\"auto, (max-width: 347px) 100vw, 347px\" \/><\/figure><\/li><\/ul><\/figure>\n\n\n\n<p><strong>CAPPA CALC\u0130UM<\/strong><\/p>\n\n\n\n<p>&nbsp;&nbsp;&nbsp;&nbsp;&nbsp;&nbsp; Bile\u015fiminde\nkalsiyum ile birlikte azot ihtiva eder.&nbsp;<\/p>\n\n\n\n<p><strong>\u00dcR\u00dcN\u00dcN SINIFI:<\/strong> KALS\u0130YUM\nN\u0130TRAT \u00c7\u00d6ZELT\u0130S\u0130<\/p>\n\n\n\n<p><strong>Garanti Edilen \u0130\u00e7erik &nbsp;&nbsp;&nbsp;                  %(w\/w)<\/strong><\/p>\n\n\n\n<p>Toplam Azot&nbsp;&nbsp;&nbsp;&nbsp;&nbsp;&nbsp;&nbsp;&nbsp;&nbsp;&nbsp;&nbsp;&nbsp; &nbsp;&nbsp;&nbsp;&nbsp;&nbsp;&nbsp;&nbsp;&nbsp;&nbsp;&nbsp;&nbsp;&nbsp;&nbsp;&nbsp;&nbsp;&nbsp;&nbsp;&nbsp;&nbsp;&nbsp;&nbsp;&nbsp;&nbsp;&nbsp;&nbsp;&nbsp;&nbsp;&nbsp;&nbsp;&nbsp;&nbsp;&nbsp;&nbsp;&nbsp;8<\/p>\n\n\n\n<p>&nbsp;&nbsp; Nitrat Azotu&nbsp;&nbsp;&nbsp;&nbsp;&nbsp;&nbsp;&nbsp;&nbsp;&nbsp;&nbsp;&nbsp;&nbsp;&nbsp;&nbsp;&nbsp;&nbsp;&nbsp;&nbsp;&nbsp;&nbsp;&nbsp;&nbsp;&nbsp;&nbsp;&nbsp;&nbsp;&nbsp;&nbsp;&nbsp;&nbsp;&nbsp;&nbsp;&nbsp;&nbsp;&nbsp;&nbsp;&nbsp;&nbsp;&nbsp;&nbsp;&nbsp;&nbsp;&nbsp;&nbsp; 8 <\/p>\n\n\n\n<p>Suda \u00c7\u00f6z\u00fcn\u00fcr Kalsiyum Oksit(CaO)\u00a0\u00a0\u00a0\u00a015<\/p>\n\n\n\n<p>Suda \u00c7\u00f6z\u00fcn\u00fcr Bor(B)                                0,05<\/p>\n\n\n\n<p><strong>\u00dcr\u00fcn\u00fcn Teknik\n\u00d6zellikleri<\/strong><\/p>\n\n\n\n<ol class=\"wp-block-list\"><li>Kalsiyum bitkide h\u00fccre duvarlar\u0131n\u0131n ve&nbsp;bitki dokular\u0131n\u0131n sertle\u015fip g\u00fc\u00e7lenmesinde temel g\u00f6revi \u00fcstlenir. Bu \u00f6zelli\u011fi ile bitki dokular\u0131n\u0131 ve meyveleri&nbsp;mantar ve bakteri enfeksiyonlar\u0131ndan korur. Donma ve \u00e7\u00f6z\u00fclme stresine kar\u015f\u0131 bitkiye dayan\u0131kl\u0131l\u0131k kazand\u0131rarak&nbsp;don zarar\u0131n\u0131 \u00f6nler.<\/li><li>H\u00fccre b\u00f6l\u00fcnmesinin d\u00fczenlenmesi ve h\u00fccre geli\u015fimi \u00fczerinde de etkili&nbsp;olarak k\u00f6k uzamas\u0131, bitkinin b\u00fcy\u00fcmesi ve geli\u015fimine katk\u0131da bulunur.<\/li><li>Yeterince kalsiyum alamayan meyve&nbsp;ve sebzelerde \u00e7\u00fcr\u00fcme ve \u00e7atlamalar meydana gelir. Elmada ac\u0131 benek ve domateste dip \u00e7\u00fcr\u00fckl\u00fc\u011f\u00fc gibi&nbsp;belirtiler kalsiyum noksanl\u0131\u011f\u0131n\u0131n bir sonucudur. Dokular\u0131nda yeterli kalsiyuma sahip olmayan meyveler,&nbsp;depolama s\u00fcrecinde de fizyolojik bozukluklara ve \u00e7\u00fcr\u00fcme meydana getiren funguslara kar\u015f\u0131 hassas olurlar.&nbsp;Bu etkilere kar\u015f\u0131 bitkide ve meyvede iyile\u015ftirici \u00f6zelli\u011fe sahiptir.<\/li><\/ol>\n\n\n\n<p><strong>Uygulama \u015eekli,Dozlar\u0131 ve Zaman\u0131<\/strong><\/p>\n\n\n\n<figure class=\"wp-block-image size-large is-resized\"><img loading=\"lazy\" decoding=\"async\" src=\"http:\/\/nevelgubre.com.tr\/wp-content\/uploads\/2020\/01\/calcium-724x1024.jpg\" alt=\"\" class=\"wp-image-972\" width=\"543\" height=\"768\" srcset=\"https:\/\/nevelgubre.com.tr\/wp-content\/uploads\/2020\/01\/calcium-724x1024.jpg 724w, https:\/\/nevelgubre.com.tr\/wp-content\/uploads\/2020\/01\/calcium-212x300.jpg 212w, https:\/\/nevelgubre.com.tr\/wp-content\/uploads\/2020\/01\/calcium-768x1086.jpg 768w, https:\/\/nevelgubre.com.tr\/wp-content\/uploads\/2020\/01\/calcium-1086x1536.jpg 1086w, https:\/\/nevelgubre.com.tr\/wp-content\/uploads\/2020\/01\/calcium-1448x2048.jpg 1448w, https:\/\/nevelgubre.com.tr\/wp-content\/uploads\/2020\/01\/calcium.jpg 1654w\" sizes=\"auto, (max-width: 543px) 100vw, 543px\" \/><\/figure>\n","protected":false},"excerpt":{"rendered":"<p>CAPPA CALC\u0130UM &nbsp;&nbsp;&nbsp;&nbsp;&nbsp;&nbsp; Bile\u015fiminde kalsiyum ile birlikte azot ihtiva eder.&nbsp; \u00dcR\u00dcN\u00dcN SINIFI: KALS\u0130YUM N\u0130TRAT \u00c7\u00d6ZELT\u0130S\u0130 Garanti Edilen \u0130\u00e7erik &nbsp;&nbsp;&nbsp; %(w\/w) Toplam Azot&nbsp;&nbsp;&nbsp;&nbsp;&nbsp;&nbsp;&nbsp;&nbsp;&nbsp;&nbsp;&nbsp;&nbsp; &nbsp;&nbsp;&nbsp;&nbsp;&nbsp;&nbsp;&nbsp;&nbsp;&nbsp;&nbsp;&nbsp;&nbsp;&nbsp;&nbsp;&nbsp;&nbsp;&nbsp;&nbsp;&nbsp;&nbsp;&nbsp;&nbsp;&nbsp;&nbsp;&nbsp;&nbsp;&nbsp;&nbsp;&nbsp;&nbsp;&nbsp;&nbsp;&nbsp;&nbsp;8 &nbsp;&nbsp; Nitrat Azotu&nbsp;&nbsp;&nbsp;&nbsp;&nbsp;&nbsp;&nbsp;&nbsp;&nbsp;&nbsp;&nbsp;&nbsp;&nbsp;&nbsp;&nbsp;&nbsp;&nbsp;&nbsp;&nbsp;&nbsp;&nbsp;&nbsp;&nbsp;&nbsp;&nbsp;&nbsp;&nbsp;&nbsp;&nbsp;&nbsp;&nbsp;&nbsp;&nbsp;&nbsp;&nbsp;&nbsp;&nbsp;&nbsp;&nbsp;&nbsp;&nbsp;&nbsp;&nbsp;&nbsp; 8 Suda \u00c7\u00f6z\u00fcn\u00fcr Kalsiyum Oksit(CaO)\u00a0\u00a0\u00a0\u00a015 Suda \u00c7\u00f6z\u00fcn\u00fcr Bor(B) 0,05 \u00dcr\u00fcn\u00fcn Teknik \u00d6zellikleri Kalsiyum bitkide h\u00fccre duvarlar\u0131n\u0131n ve&nbsp;bitki dokular\u0131n\u0131n sertle\u015fip g\u00fc\u00e7lenmesinde temel g\u00f6revi \u00fcstlenir. Bu \u00f6zelli\u011fi ile bitki dokular\u0131n\u0131 ve&#8230;<\/p>\n","protected":false},"author":1,"featured_media":0,"parent":0,"menu_order":0,"comment_status":"closed","ping_status":"closed","template":"","meta":{"footnotes":""},"class_list":["post-966","page","type-page","status-publish","hentry"],"_links":{"self":[{"href":"https:\/\/nevelgubre.com.tr\/index.php\/wp-json\/wp\/v2\/pages\/966","targetHints":{"allow":["GET"]}}],"collection":[{"href":"https:\/\/nevelgubre.com.tr\/index.php\/wp-json\/wp\/v2\/pages"}],"about":[{"href":"https:\/\/nevelgubre.com.tr\/index.php\/wp-json\/wp\/v2\/types\/page"}],"author":[{"embeddable":true,"href":"https:\/\/nevelgubre.com.tr\/index.php\/wp-json\/wp\/v2\/users\/1"}],"replies":[{"embeddable":true,"href":"https:\/\/nevelgubre.com.tr\/index.php\/wp-json\/wp\/v2\/comments?post=966"}],"version-history":[{"count":6,"href":"https:\/\/nevelgubre.com.tr\/index.php\/wp-json\/wp\/v2\/pages\/966\/revisions"}],"predecessor-version":[{"id":1140,"href":"https:\/\/nevelgubre.com.tr\/index.php\/wp-json\/wp\/v2\/pages\/966\/revisions\/1140"}],"wp:attachment":[{"href":"https:\/\/nevelgubre.com.tr\/index.php\/wp-json\/wp\/v2\/media?parent=966"}],"curies":[{"name":"wp","href":"https:\/\/api.w.org\/{rel}","templated":true}]}}